{"id":4020,"date":"2022-04-20T13:19:13","date_gmt":"2022-04-20T13:19:13","guid":{"rendered":"http:\/\/dionnybaez.com\/?page_id=4020"},"modified":"2022-07-14T04:12:19","modified_gmt":"2022-07-14T04:12:19","slug":"acerca-de-dionny","status":"publish","type":"page","link":"https:\/\/dionnybaez.com\/en\/acerca-de-dionny\/","title":{"rendered":"acerca de Dionny"},"content":{"rendered":"<div data-elementor-type=\"wp-page\" data-elementor-id=\"4020\" class=\"elementor elementor-4020\" data-elementor-settings=\"{&quot;element_pack_global_tooltip_width&quot;:{&quot;unit&quot;:&quot;px&quot;,&quot;size&quot;:&quot;&quot;,&quot;sizes&quot;:[]},&quot;element_pack_global_tooltip_width_tablet&quot;:{&quot;unit&quot;:&quot;px&quot;,&quot;size&quot;:&quot;&quot;,&quot;sizes&quot;:[]},&quot;element_pack_global_tooltip_width_mobile&quot;:{&quot;unit&quot;:&quot;px&quot;,&quot;size&quot;:&quot;&quot;,&quot;sizes&quot;:[]},&quot;element_pack_global_tooltip_padding&quot;:{&quot;unit&quot;:&quot;px&quot;,&quot;top&quot;:&quot;&quot;,&quot;right&quot;:&quot;&quot;,&quot;bottom&quot;:&quot;&quot;,&quot;left&quot;:&quot;&quot;,&quot;isLinked&quot;:true},&quot;element_pack_global_tooltip_padding_tablet&quot;:{&quot;unit&quot;:&quot;px&quot;,&quot;top&quot;:&quot;&quot;,&quot;right&quot;:&quot;&quot;,&quot;bottom&quot;:&quot;&quot;,&quot;left&quot;:&quot;&quot;,&quot;isLinked&quot;:true},&quot;element_pack_global_tooltip_padding_mobile&quot;:{&quot;unit&quot;:&quot;px&quot;,&quot;top&quot;:&quot;&quot;,&quot;right&quot;:&quot;&quot;,&quot;bottom&quot;:&quot;&quot;,&quot;left&quot;:&quot;&quot;,&quot;isLinked&quot;:true},&quot;element_pack_global_tooltip_border_radius&quot;:{&quot;unit&quot;:&quot;px&quot;,&quot;top&quot;:&quot;&quot;,&quot;right&quot;:&quot;&quot;,&quot;bottom&quot;:&quot;&quot;,&quot;left&quot;:&quot;&quot;,&quot;isLinked&quot;:true},&quot;element_pack_global_tooltip_border_radius_tablet&quot;:{&quot;unit&quot;:&quot;px&quot;,&quot;top&quot;:&quot;&quot;,&quot;right&quot;:&quot;&quot;,&quot;bottom&quot;:&quot;&quot;,&quot;left&quot;:&quot;&quot;,&quot;isLinked&quot;:true},&quot;element_pack_global_tooltip_border_radius_mobile&quot;:{&quot;unit&quot;:&quot;px&quot;,&quot;top&quot;:&quot;&quot;,&quot;right&quot;:&quot;&quot;,&quot;bottom&quot;:&quot;&quot;,&quot;left&quot;:&quot;&quot;,&quot;isLinked&quot;:true}}\" data-elementor-post-type=\"page\">\n\t\t\t\t\t\t<section class=\"elementor-section elementor-top-section elementor-element elementor-element-1bcc7ed elementor-section-height-min-height elementor-section-boxed elementor-section-height-default elementor-section-items-middle\" data-id=\"1bcc7ed\" data-element_type=\"section\">\n\t\t\t\t\t\t<div class=\"elementor-container elementor-column-gap-default\">\n\t\t\t\t\t<div class=\"elementor-column elementor-col-50 elementor-top-column elementor-element elementor-element-02c5660\" data-id=\"02c5660\" data-element_type=\"column\">\n\t\t\t<div class=\"elementor-widget-wrap elementor-element-populated\">\n\t\t\t\t\t\t<div class=\"elementor-element elementor-element-bfdd907 elementor-widget elementor-widget-heading\" data-id=\"bfdd907\" data-element_type=\"widget\" data-widget_type=\"heading.default\">\n\t\t\t\t<div class=\"elementor-widget-container\">\n\t\t\t\t\t<h2 class=\"elementor-heading-title elementor-size-default\">Orador, escritor y conferencista Int., L\u00edder espiritual y asesor para presidentes y gobiernos.<\/h2>\t\t\t\t<\/div>\n\t\t\t\t<\/div>\n\t\t\t\t<div class=\"elementor-element elementor-element-ca2fef4 elementor-widget elementor-widget-text-editor\" data-id=\"ca2fef4\" data-element_type=\"widget\" data-widget_type=\"text-editor.default\">\n\t\t\t\t<div class=\"elementor-widget-container\">\n\t\t\t\t\t\t\t\t\t<p>Born in Venezuela to Dominican parents, Dionny Baez's childhood and adolescence was full of nuances and learning \"My childhood was difficult and limited by the fact of being part of a Caribbean family of illegal immigrants in a Latin American country\" Dionny felt and knew that he was different from others, not only because of his physique but also because of his way of looking at life from a very early age, \"all the bullying I went through, all the tears I shed and always feeling foreign even in the country where I was born, helped me become the man I am today\".<\/p><p>When Dionny speaks, the whole world listens, his word has power not only in the United States, where he currently resides, but also in every continent where he brings peace, hope and comfort. Recently Dionny has just returned from South Africa and Kenya, where he was asked to give conferences attended by more than 30 thousand people, the purpose of the trip was also to advise the presidents and politicians of the African continent \"today I travel around the world carrying a message of hope and work to achieve a change in critical situations that affect the development of humanity in the social, economic and spiritual spheres. I have been a consultant to several presidents, as well as some governments, ministries and companies globally,\" says Baez, who at the age of 14 came to the United States with his parents. \"We entered with a visa,\" he recalls, \"and then we stayed illegally... once again we became illegal immigrants.<\/p><p>Going to school in the U.S. was a difficult process because in addition to feeling discriminated against because of the color of his skin, he did not know the English language, all this hindered his ability to interact with young people his age \"I know what it is like to drive without a license or insurance because I could not register my car...I know what it is like not to have credit, not to be able to rent a place to live and also to learn of the death of some loved ones like my grandparents in our country and not be able to go to say goodbye to them because I was looking for the American dream starting from less than zero\".<\/p>\t\t\t\t\t\t\t\t<\/div>\n\t\t\t\t<\/div>\n\t\t\t\t\t<\/div>\n\t\t<\/div>\n\t\t\t\t<div class=\"elementor-column elementor-col-50 elementor-top-column elementor-element elementor-element-8a0e2a9\" data-id=\"8a0e2a9\" data-element_type=\"column\">\n\t\t\t<div class=\"elementor-widget-wrap elementor-element-populated\">\n\t\t\t\t\t\t<div class=\"elementor-element elementor-element-5b8ad63 elementor-widget elementor-widget-image\" data-id=\"5b8ad63\" data-element_type=\"widget\" data-widget_type=\"image.default\">\n\t\t\t\t<div class=\"elementor-widget-container\">\n\t\t\t\t\t\t\t\t\t\t\t\t\t\t\t<img fetchpriority=\"high\" decoding=\"async\" width=\"1251\" height=\"1808\" src=\"https:\/\/dionnybaez.com\/wp-content\/uploads\/2021\/12\/dionny-recortado.png\" class=\"attachment-full size-full wp-image-3463\" alt=\"\" srcset=\"https:\/\/dionnybaez.com\/wp-content\/uploads\/2021\/12\/dionny-recortado.png 1251w, https:\/\/dionnybaez.com\/wp-content\/uploads\/2021\/12\/dionny-recortado-1063x1536.png 1063w\" sizes=\"(max-width: 1251px) 100vw, 1251px\" \/>\t\t\t\t\t\t\t\t\t\t\t\t\t\t\t<\/div>\n\t\t\t\t<\/div>\n\t\t\t\t\t<\/div>\n\t\t<\/div>\n\t\t\t\t\t<\/div>\n\t\t<\/section>\n\t\t\t\t<section class=\"elementor-section elementor-top-section elementor-element elementor-element-0ae0c15 elementor-section-height-min-height elementor-section-boxed elementor-section-height-default elementor-section-items-middle\" data-id=\"0ae0c15\" data-element_type=\"section\">\n\t\t\t\t\t\t<div class=\"elementor-container elementor-column-gap-default\">\n\t\t\t\t\t<div class=\"elementor-column elementor-col-50 elementor-top-column elementor-element elementor-element-3a668fe\" data-id=\"3a668fe\" data-element_type=\"column\">\n\t\t\t<div class=\"elementor-widget-wrap elementor-element-populated\">\n\t\t\t\t\t\t<div class=\"elementor-element elementor-element-57f706f elementor-widget elementor-widget-image\" data-id=\"57f706f\" data-element_type=\"widget\" data-widget_type=\"image.default\">\n\t\t\t\t<div class=\"elementor-widget-container\">\n\t\t\t\t\t\t\t\t\t\t\t\t\t\t\t<img decoding=\"async\" width=\"800\" height=\"800\" src=\"https:\/\/dionnybaez.com\/wp-content\/uploads\/2020\/08\/WhatsApp-Image-2020-08-11-at-5.18.10-PM-1024x1024.jpeg\" class=\"attachment-large size-large wp-image-986\" alt=\"\" srcset=\"https:\/\/dionnybaez.com\/wp-content\/uploads\/2020\/08\/WhatsApp-Image-2020-08-11-at-5.18.10-PM-1024x1024.jpeg 1024w, https:\/\/dionnybaez.com\/wp-content\/uploads\/2020\/08\/WhatsApp-Image-2020-08-11-at-5.18.10-PM-300x300.jpeg 300w, https:\/\/dionnybaez.com\/wp-content\/uploads\/2020\/08\/WhatsApp-Image-2020-08-11-at-5.18.10-PM-150x150.jpeg 150w, https:\/\/dionnybaez.com\/wp-content\/uploads\/2020\/08\/WhatsApp-Image-2020-08-11-at-5.18.10-PM-768x768.jpeg 768w, https:\/\/dionnybaez.com\/wp-content\/uploads\/2020\/08\/WhatsApp-Image-2020-08-11-at-5.18.10-PM-100x100.jpeg 100w\" sizes=\"(max-width: 800px) 100vw, 800px\" \/>\t\t\t\t\t\t\t\t\t\t\t\t\t\t\t<\/div>\n\t\t\t\t<\/div>\n\t\t\t\t<div class=\"elementor-element elementor-element-3f96541 elementor-widget elementor-widget-text-editor\" data-id=\"3f96541\" data-element_type=\"widget\" data-widget_type=\"text-editor.default\">\n\t\t\t\t<div class=\"elementor-widget-container\">\n\t\t\t\t\t\t\t\t\t<p>Dr. Dionny Baez is a recognized best-selling author of over forty books and manuals in both English and Spanish. His distinguished reputation has positioned him among the most outstanding spiritual leaders, transformational speakers, and entrepreneurs. He is a music producer, television producer, and founding pastor of H2o Church, ranked as the fastest growing bilingual church in Philadelphia. For several years he has been a consultant to governments, ministries and businesses. Traveling extensively around the world, Dr. Baez responds to critical situations that affect the development of humanity in the social, economic and spiritual spheres.<\/p>\n<p>Born in Venezuela, he currently lives between Philadelphia and Miami with his wife Yarissette, son Shaddai, and daughter Salom\u00e9.<\/p>\t\t\t\t\t\t\t\t<\/div>\n\t\t\t\t<\/div>\n\t\t\t\t\t<\/div>\n\t\t<\/div>\n\t\t\t\t<div class=\"elementor-column elementor-col-50 elementor-top-column elementor-element elementor-element-d57a31b\" data-id=\"d57a31b\" data-element_type=\"column\">\n\t\t\t<div class=\"elementor-widget-wrap elementor-element-populated\">\n\t\t\t\t\t\t<div class=\"elementor-element elementor-element-2685330 elementor-widget elementor-widget-text-editor\" data-id=\"2685330\" data-element_type=\"widget\" data-widget_type=\"text-editor.default\">\n\t\t\t\t<div class=\"elementor-widget-container\">\n\t\t\t\t\t\t\t\t\t<p>None of the vicissitudes were an obstacle for Dionny, at the age of 17, to graduate with honors from school, however, frustration was his companion again, not being able to pursue university studies because of his legal status, \"I lived something similar to what the so-called dreamers (dreamers) go through today, those young people who struggle to obtain a legal permit in the country where they grew up and only want to study to achieve their college degree. I channeled my energy traveling within the United States and I dedicated myself to give lectures in student campuses on how to overcome limitations and also the importance of staying healthy, physically, mentally and spiritually.<\/p><p>Dionny found true love when he was still very young, married a Puerto Rican girl and started a beautiful family, at the age of 25 he achieved the long awaited residency and legal status in the United States, immediately resumed his studies and received his first doctorate, he also wrote his first inspirational book<\/p><p>Fame and fortune began to smile on him, however, Dionny Baez was a perfect target for controversy and media scandals feeling the center of controversy, the young entrepreneur, preacher and motivational speaker, wrote his second book \"How to Win your Worst Battle\", a work that, within days of being published, became the best selling book in all categories in the Spanish language, the content and wisdom of this literary work is more relevant than ever because always, humans \"have a battle to fight and win\".<\/p><p>Dionny Baez continues to travel the world, whether in Latin America, Mexico, Europe, Asia or Africa his message is heard and admired, the businessman continues to write books, lecturing, creating events, talking to presidents or with normal and common people, to whom he offers his hand and his most sincere embrace. Dionniy Baez understands the suffering of immigrants who seek a place in this country as he was one of them, only now Dionny Baez, has his own voice, which is respected and heard.<\/p>\t\t\t\t\t\t\t\t<\/div>\n\t\t\t\t<\/div>\n\t\t\t\t\t<\/div>\n\t\t<\/div>\n\t\t\t\t\t<\/div>\n\t\t<\/section>\n\t\t\t\t<section class=\"elementor-section elementor-top-section elementor-element elementor-element-4e5eb4f elementor-section-boxed elementor-section-height-default elementor-section-height-default\" data-id=\"4e5eb4f\" data-element_type=\"section\">\n\t\t\t\t\t\t<div class=\"elementor-container elementor-column-gap-default\">\n\t\t\t\t\t<div class=\"elementor-column elementor-col-100 elementor-top-column elementor-element elementor-element-98b55be\" data-id=\"98b55be\" data-element_type=\"column\">\n\t\t\t<div class=\"elementor-widget-wrap elementor-element-populated\">\n\t\t\t\t\t\t<div class=\"elementor-element elementor-element-bf10ff0 elementor-widget elementor-widget-heading\" data-id=\"bf10ff0\" data-element_type=\"widget\" data-widget_type=\"heading.default\">\n\t\t\t\t<div class=\"elementor-widget-container\">\n\t\t\t\t\t<h2 class=\"elementor-heading-title elementor-size-default\">Social networks<\/h2>\t\t\t\t<\/div>\n\t\t\t\t<\/div>\n\t\t\t\t<div class=\"elementor-element elementor-element-036ecb2 elementor-widget elementor-widget-bdt-fancy-icons\" data-id=\"036ecb2\" data-element_type=\"widget\" data-widget_type=\"bdt-fancy-icons.default\">\n\t\t\t\t<div class=\"elementor-widget-container\">\n\t\t\t\t\t        <div class=\"bdt-fancy-icons\" style=\"background-image: url(https:\/\/dionnybaez.com\/wp-content\/uploads\/2021\/06\/Web-DIonny-1.png); background-attachment:inherit)\">\n\n            <div class=\"bdt-fancy-icons-background\">\n                            <\/div>\n\n            <div class=\"bdt-grid bdt-grid-collapse bdt-child-width-1-4 bdt-child-width-1-2@s bdt-child-width-1-4@l\" data-bdt-grid>\n\n                                    <div class=\"bdt-fancy-icons-item bdt-flex bdt-flex-middle bdt-flex-center elementor-repeater-item-fb0adbd\">\n                        <a class=\"icon\" href=\"https:\/\/www.facebook.com\/DionnyBaezOficial\">\n\n                                                            <span class=\"bdt-icon-wrapper\">\n                                    \n                                        <i aria-hidden=\"true\" class=\"fab fa-facebook-f\"><\/i>\n                                                                    <\/span>\n                            \n                        <\/a>\n\n                    <\/div>\n                                    <div class=\"bdt-fancy-icons-item bdt-flex bdt-flex-middle bdt-flex-center elementor-repeater-item-124ae7d\">\n                        <a class=\"icon\" href=\"https:\/\/twitter.com\/dionnybaez\">\n\n                                                            <span class=\"bdt-icon-wrapper\">\n                                    \n                                        <i aria-hidden=\"true\" class=\"fab fa-twitter\"><\/i>\n                                                                    <\/span>\n                            \n                        <\/a>\n\n                    <\/div>\n                                    <div class=\"bdt-fancy-icons-item bdt-flex bdt-flex-middle bdt-flex-center elementor-repeater-item-bb10390\">\n                        <a class=\"icon\" href=\"https:\/\/www.instagram.com\/dionnybaez\/\">\n\n                                                            <span class=\"bdt-icon-wrapper\">\n                                    \n                                        <i aria-hidden=\"true\" class=\"fab fa-instagram\"><\/i>\n                                                                    <\/span>\n                            \n                        <\/a>\n\n                    <\/div>\n                                    <div class=\"bdt-fancy-icons-item bdt-flex bdt-flex-middle bdt-flex-center elementor-repeater-item-5c6fd82\">\n                        <a class=\"icon\" href=\"https:\/\/www.youtube.com\/dionny%20baez%20channel\">\n\n                                                            <span class=\"bdt-icon-wrapper\">\n                                    \n                                        <i aria-hidden=\"true\" class=\"fab fa-youtube\"><\/i>\n                                                                    <\/span>\n                            \n                        <\/a>\n\n                    <\/div>\n                \n            <\/div>\n\n        <\/div>\n\t\t\t\t<\/div>\n\t\t\t\t<\/div>\n\t\t\t\t\t<\/div>\n\t\t<\/div>\n\t\t\t\t\t<\/div>\n\t\t<\/section>\n\t\t\t\t<section class=\"elementor-section elementor-top-section elementor-element elementor-element-a978616 elementor-section-height-min-height elementor-section-boxed elementor-section-height-default elementor-section-items-middle\" data-id=\"a978616\" data-element_type=\"section\">\n\t\t\t\t\t\t<div class=\"elementor-container elementor-column-gap-default\">\n\t\t\t\t\t<div class=\"elementor-column elementor-col-100 elementor-top-column elementor-element elementor-element-760d6ea\" data-id=\"760d6ea\" data-element_type=\"column\">\n\t\t\t<div class=\"elementor-widget-wrap elementor-element-populated\">\n\t\t\t\t\t\t<div class=\"elementor-element elementor-element-02ed7b7 elementor-widget elementor-widget-heading\" data-id=\"02ed7b7\" data-element_type=\"widget\" data-widget_type=\"heading.default\">\n\t\t\t\t<div class=\"elementor-widget-container\">\n\t\t\t\t\t<h2 class=\"elementor-heading-title elementor-size-default\">Press and Public Relations Contact <\/h2>\t\t\t\t<\/div>\n\t\t\t\t<\/div>\n\t\t\t\t<div class=\"elementor-element elementor-element-4e37815 elementor-widget elementor-widget-text-editor\" data-id=\"4e37815\" data-element_type=\"widget\" data-widget_type=\"text-editor.default\">\n\t\t\t\t<div class=\"elementor-widget-container\">\n\t\t\t\t\t\t\t\t\t<p><strong>Sara Soto <\/strong><\/p><p><strong>One Idol Enterprises <\/strong><\/p><p><strong>205-970-2284<\/strong><\/p><p><a href=\"mailto:sara@sarasotooneidol.com\"><strong>sara@sarasotooneidol.com<\/strong><\/a><\/p><p><strong>Alberto Gomez <\/strong><\/p><p><strong>Media Concepts PR<\/strong><\/p><p><strong>albertogomez@lightconceptspr.com <\/strong><\/p>\t\t\t\t\t\t\t\t<\/div>\n\t\t\t\t<\/div>\n\t\t\t\t\t<\/div>\n\t\t<\/div>\n\t\t\t\t\t<\/div>\n\t\t<\/section>\n\t\t\t\t<\/div>","protected":false},"excerpt":{"rendered":"<p>Orador, escritor y conferencista Int., L\u00edder espiritual y asesor para presidentes y gobiernos. Nacido en Venezuela y de padres dominicanos, la ni\u00f1ez y adolescencia de Dionny B\u00e1ez estuvo llena de matices y aprendizajes \u201cMi ni\u00f1ez fue dif\u00edcil y limitada por el hecho de ser parte de una familia caribe\u00f1a inmigrantes ilegales en un pa\u00eds latinoamericano\u201d\u00a0 [&hellip;]<\/p>","protected":false},"author":1,"featured_media":0,"parent":0,"menu_order":0,"comment_status":"closed","ping_status":"closed","template":"elementor_header_footer","meta":{"footnotes":""},"class_list":["post-4020","page","type-page","status-publish","hentry"],"_links":{"self":[{"href":"https:\/\/dionnybaez.com\/en\/wp-json\/wp\/v2\/pages\/4020","targetHints":{"allow":["GET"]}}],"collection":[{"href":"https:\/\/dionnybaez.com\/en\/wp-json\/wp\/v2\/pages"}],"about":[{"href":"https:\/\/dionnybaez.com\/en\/wp-json\/wp\/v2\/types\/page"}],"author":[{"embeddable":true,"href":"https:\/\/dionnybaez.com\/en\/wp-json\/wp\/v2\/users\/1"}],"replies":[{"embeddable":true,"href":"https:\/\/dionnybaez.com\/en\/wp-json\/wp\/v2\/comments?post=4020"}],"version-history":[{"count":75,"href":"https:\/\/dionnybaez.com\/en\/wp-json\/wp\/v2\/pages\/4020\/revisions"}],"predecessor-version":[{"id":4596,"href":"https:\/\/dionnybaez.com\/en\/wp-json\/wp\/v2\/pages\/4020\/revisions\/4596"}],"wp:attachment":[{"href":"https:\/\/dionnybaez.com\/en\/wp-json\/wp\/v2\/media?parent=4020"}],"curies":[{"name":"wp","href":"https:\/\/api.w.org\/{rel}","templated":true}]}}